{"id":44,"date":"2026-01-08T21:05:42","date_gmt":"2026-01-08T20:05:42","guid":{"rendered":"https:\/\/claudia.indielab.de\/?page_id=44"},"modified":"2026-01-23T15:18:28","modified_gmt":"2026-01-23T14:18:28","slug":"kontakt","status":"publish","type":"page","link":"https:\/\/claudia.indielab.de\/index.php\/kontakt\/","title":{"rendered":"Kontakt"},"content":{"rendered":"\t\t<div data-elementor-type=\"wp-page\" data-elementor-id=\"44\" class=\"elementor elementor-44\" data-elementor-post-type=\"page\">\n\t\t\t\t<div class=\"elementor-element elementor-element-f39ff25 e-flex e-con-boxed e-con e-parent\" data-id=\"f39ff25\" data-element_type=\"container\" data-e-type=\"container\">\n\t\t\t\t\t<div class=\"e-con-inner\">\n\t\t\t\t<div class=\"elementor-element elementor-element-1f4d78e elementor-widget elementor-widget-text-editor\" data-id=\"1f4d78e\" data-element_type=\"widget\" data-e-type=\"widget\" data-widget_type=\"text-editor.default\">\n\t\t\t\t\t\t\t\t\t<p>F\u00fcllen Sie einfach das Kontaktformular aus und ich melde mich umgehend telefonisch zu einem unverbindlichen Erstgespr\u00e4ch bei Ihnen zur\u00fcck.<\/p>\n<p>Gerne k\u00f6nnen Sie mir Ihr Anliegen auch direkt in einer kurzen Nachricht schildern.<\/p>\t\t\t\t\t\t\t\t<\/div>\n\t\t\t\t\t<\/div>\n\t\t\t\t<\/div>\n\t\t\t\t<\/div>\n\t\t","protected":false},"excerpt":{"rendered":"<p>F\u00fcllen Sie einfach das Kontaktformular aus und ich melde mich umgehend telefonisch zu einem unverbindlichen Erstgespr\u00e4ch bei Ihnen zur\u00fcck. Gerne k\u00f6nnen Sie mir Ihr Anliegen auch direkt in einer kurzen Nachricht schildern. Dein Name Deine E-Mail-Adresse Betreff Deine Nachricht (optional)<\/p>\n","protected":false},"author":1,"featured_media":0,"parent":0,"menu_order":0,"comment_status":"closed","ping_status":"closed","template":"","meta":{"footnotes":""},"class_list":["post-44","page","type-page","status-publish","hentry"],"_links":{"self":[{"href":"https:\/\/claudia.indielab.de\/index.php\/wp-json\/wp\/v2\/pages\/44","targetHints":{"allow":["GET"]}}],"collection":[{"href":"https:\/\/claudia.indielab.de\/index.php\/wp-json\/wp\/v2\/pages"}],"about":[{"href":"https:\/\/claudia.indielab.de\/index.php\/wp-json\/wp\/v2\/types\/page"}],"author":[{"embeddable":true,"href":"https:\/\/claudia.indielab.de\/index.php\/wp-json\/wp\/v2\/users\/1"}],"replies":[{"embeddable":true,"href":"https:\/\/claudia.indielab.de\/index.php\/wp-json\/wp\/v2\/comments?post=44"}],"version-history":[{"count":14,"href":"https:\/\/claudia.indielab.de\/index.php\/wp-json\/wp\/v2\/pages\/44\/revisions"}],"predecessor-version":[{"id":154,"href":"https:\/\/claudia.indielab.de\/index.php\/wp-json\/wp\/v2\/pages\/44\/revisions\/154"}],"wp:attachment":[{"href":"https:\/\/claudia.indielab.de\/index.php\/wp-json\/wp\/v2\/media?parent=44"}],"curies":[{"name":"wp","href":"https:\/\/api.w.org\/{rel}","templated":true}]}}