{"id":228,"date":"2026-03-03T11:01:05","date_gmt":"2026-03-03T10:01:05","guid":{"rendered":"https:\/\/claudia.indielab.de\/?page_id=228"},"modified":"2026-03-03T14:45:25","modified_gmt":"2026-03-03T13:45:25","slug":"startseite-1","status":"publish","type":"page","link":"https:\/\/claudia.indielab.de\/index.php\/startseite-1\/","title":{"rendered":"Gesund im Job"},"content":{"rendered":"\t\t<div data-elementor-type=\"wp-page\" data-elementor-id=\"228\" class=\"elementor elementor-228\" data-elementor-post-type=\"page\">\n\t\t\t\t<div class=\"elementor-element elementor-element-0ba3ba6 e-flex e-con-boxed e-con e-parent\" data-id=\"0ba3ba6\" data-element_type=\"container\" data-e-type=\"container\">\n\t\t\t\t\t<div class=\"e-con-inner\">\n\t\t<div class=\"elementor-element elementor-element-09a852f e-con-full e-flex e-con e-child\" data-id=\"09a852f\" data-element_type=\"container\" data-e-type=\"container\">\n\t\t\t\t<div class=\"elementor-element elementor-element-488502c elementor-widget elementor-widget-image\" data-id=\"488502c\" data-element_type=\"widget\" data-e-type=\"widget\" data-widget_type=\"image.default\">\n\t\t\t\t\t\t\t\t\t\t\t\t\t\t\t<img fetchpriority=\"high\" decoding=\"async\" width=\"595\" height=\"841\" src=\"https:\/\/claudia.indielab.de\/wp-content\/uploads\/2026\/01\/Claudia.png\" class=\"attachment-full size-full wp-image-118\" alt=\"\" srcset=\"https:\/\/claudia.indielab.de\/wp-content\/uploads\/2026\/01\/Claudia.png 595w, https:\/\/claudia.indielab.de\/wp-content\/uploads\/2026\/01\/Claudia-212x300.png 212w\" sizes=\"(max-width: 595px) 100vw, 595px\" \/>\t\t\t\t\t\t\t\t\t\t\t\t\t\t\t<\/div>\n\t\t\t\t<\/div>\n\t\t<div class=\"elementor-element elementor-element-18ab901 e-con-full e-flex e-con e-child\" data-id=\"18ab901\" data-element_type=\"container\" data-e-type=\"container\">\n\t\t<div class=\"elementor-element elementor-element-211167b e-con-full e-flex e-con e-child\" data-id=\"211167b\" data-element_type=\"container\" data-e-type=\"container\">\n\t\t\t\t<div class=\"elementor-element elementor-element-de0fa26 elementor-headline--style-highlight elementor-widget elementor-widget-animated-headline\" data-id=\"de0fa26\" data-element_type=\"widget\" data-e-type=\"widget\" data-settings=\"{&quot;marker&quot;:&quot;underline_zigzag&quot;,&quot;highlighted_text&quot;:&quot;Gesund&quot;,&quot;highlight_animation_duration&quot;:2500,&quot;headline_style&quot;:&quot;highlight&quot;}\" data-widget_type=\"animated-headline.default\">\n\t\t\t\t\t\t\t<h1 class=\"elementor-headline\">\n\t\t\t\t<span class=\"elementor-headline-dynamic-wrapper elementor-headline-text-wrapper\">\n\t\t\t\t\t<span class=\"elementor-headline-dynamic-text elementor-headline-text-active\">Gesund<\/span>\n\t\t\t\t<\/span>\n\t\t\t\t\t<span class=\"elementor-headline-plain-text elementor-headline-text-wrapper\">im Job<\/span>\n\t\t\t\t\t<\/h1>\n\t\t\t\t\t\t<\/div>\n\t\t\t\t<div class=\"elementor-element elementor-element-6cea2e0 elementor-widget elementor-widget-heading\" data-id=\"6cea2e0\" data-element_type=\"widget\" data-e-type=\"widget\" data-widget_type=\"heading.default\">\n\t\t\t\t\t<h2 class=\"elementor-heading-title elementor-size-default\">Moderation &amp; Coaching f\u00fcr sichere und starke Arbeitsbedingungen<\/h2>\t\t\t\t<\/div>\n\t\t\t\t<\/div>\n\t\t<div class=\"elementor-element elementor-element-d821f3c e-con-full e-flex e-con e-child\" data-id=\"d821f3c\" data-element_type=\"container\" data-e-type=\"container\">\n\t\t\t\t<div class=\"elementor-element elementor-element-ceabceb elementor-widget elementor-widget-text-editor\" data-id=\"ceabceb\" data-element_type=\"widget\" data-e-type=\"widget\" data-widget_type=\"text-editor.default\">\n\t\t\t\t\t\t\t\t\t<h3 class=\"paragraph is-rich-chat-ui heading1 ng-star-inserted\" role=\"heading\" data-start-index=\"113\" aria-level=\"1\"><span class=\"ng-star-inserted highlighted\" data-start-index=\"113\">Gesunde Arbeitsbedingungen schaffen<\/span><\/h3><div class=\"paragraph is-rich-chat-ui normal ng-star-inserted\" data-start-index=\"148\"><span class=\"ng-star-inserted highlighted\" data-start-index=\"148\">Sichere und gesundheitsf\u00f6rderliche Arbeitsbedingungen sind die Grundlage f\u00fcr <strong>leistungsf\u00e4hige, motivierte Teams<\/strong>. Die <strong>Gef\u00e4hrdungsbeurteilung<\/strong> \u2013 inklusive der psychischen Belastung \u2013 ist dabei der zentrale Baustein. Viele Unternehmen w\u00fcnschen sich Unterst\u00fctzung, weil das Thema komplex ist und eine professionelle Moderation ben\u00f6tigt.<\/span><\/div>\t\t\t\t\t\t\t\t<\/div>\n\t\t\t\t<div class=\"elementor-element elementor-element-335325a elementor-widget elementor-widget-text-editor\" data-id=\"335325a\" data-element_type=\"widget\" data-e-type=\"widget\" data-widget_type=\"text-editor.default\">\n\t\t\t\t\t\t\t\t\t<h3 class=\"paragraph is-rich-chat-ui heading1 ng-star-inserted\" role=\"heading\" data-start-index=\"478\" aria-level=\"1\"><span class=\"ng-star-inserted highlighted\" data-start-index=\"478\">Mein Angebot &#8211; Moderation von Workshops zur Gef\u00e4hrdungsbeurteilung<\/span><\/h3><div class=\"paragraph is-rich-chat-ui normal ng-star-inserted\" data-start-index=\"544\"><div class=\"paragraph is-rich-chat-ui normal ng-star-inserted\" data-start-index=\"780\"><span class=\"ng-star-inserted\" data-start-index=\"780\">Ich berate und begleite Unternehmen bei der Gef\u00e4hrdungsbeurteilung psychischer Belastung gem\u00e4\u00df <\/span><b class=\"ng-star-inserted\" data-start-index=\"875\">\u00a7 5 Arbeitsschutzgesetz<\/b><span class=\"ng-star-inserted\" data-start-index=\"898\">. Ein besonderer Schwerpunkt meiner Arbeit liegt in der <\/span><b class=\"ng-star-inserted\" data-start-index=\"954\">professionellen Moderation von Workshops<\/b><span class=\"ng-star-inserted\" data-start-index=\"994\">, in denen wir die Arbeitssituation gemeinsam mit Ihren Besch\u00e4ftigten analysieren<\/span><span class=\"ng-star-inserted\" data-start-index=\"1075\">.<\/span><\/div><ul class=\"ng-star-inserted\"><li class=\"paragraph list-item is-rich-chat-ui normal ng-star-inserted\" data-start-index=\"1076\"><b class=\"ng-star-inserted\" data-start-index=\"1076\">Systematische Analyse:<\/b><span class=\"ng-star-inserted\" data-start-index=\"1098\"> Ich unterst\u00fctze Sie dabei, psychische Belastungen systematisch zu erfassen und zu bewerten<\/span><span class=\"ng-star-inserted\" data-start-index=\"1189\">.<\/span><\/li><li class=\"paragraph list-item is-rich-chat-ui normal ng-star-inserted\" data-start-index=\"1190\"><b class=\"ng-star-inserted\" data-start-index=\"1190\">Praxisnahe Ma\u00dfnahmen:<\/b><span class=\"ng-star-inserted\" data-start-index=\"1211\"> Gemeinsam entwickeln wir konkrete Ideen und L\u00f6sungen, um die Arbeitsbedingungen in Ihrem Betrieb nachhaltig gesund zu gestalten<\/span><span class=\"ng-star-inserted\" data-start-index=\"1339\">.<\/span><\/li><li class=\"paragraph list-item is-rich-chat-ui normal ng-star-inserted\" data-start-index=\"1340\"><b class=\"ng-star-inserted\" data-start-index=\"1340\">Strukturierter Austausch:<\/b><span class=\"ng-star-inserted\" data-start-index=\"1365\"> Durch eine wertsch\u00e4tzende Moderation f\u00f6rdern wir die Beteiligung der Mitarbeitenden und schaffen einen offenen Dialog<\/span><span class=\"ng-star-inserted\" data-start-index=\"1483\">.<\/span><\/li><\/ul><\/div>\t\t\t\t\t\t\t\t<\/div>\n\t\t\t\t<div class=\"elementor-element elementor-element-da99099 elementor-widget elementor-widget-text-editor\" data-id=\"da99099\" data-element_type=\"widget\" data-e-type=\"widget\" data-widget_type=\"text-editor.default\">\n\t\t\t\t\t\t\t\t\t<h3 class=\"paragraph is-rich-chat-ui heading3 ng-star-inserted\" role=\"heading\" data-start-index=\"1484\" aria-level=\"3\">Warum sich der Prozess f\u00fcr Ihr Unternehmen lohnt<\/h3><div class=\"paragraph is-rich-chat-ui normal ng-star-inserted\" data-start-index=\"1532\"><span class=\"ng-star-inserted\" data-start-index=\"1532\">Die systematische Auseinandersetzung mit psychischen Belastungen ist mehr als eine gesetzliche Pflicht<\/span><span class=\"ng-star-inserted\" data-start-index=\"1634\">. Sie gewinnen <\/span><b class=\"ng-star-inserted\" data-start-index=\"1649\">wertvolle Erkenntnisse \u00fcber St\u00e4rken und Entwicklungsfelder<\/b><span class=\"ng-star-inserted\" data-start-index=\"1707\"> in Ihrem Betrieb, f\u00f6rdern die Gesundheit Ihrer Belegschaft und entwickeln Ihre Organisation gezielt weiter<\/span><span class=\"ng-star-inserted\" data-start-index=\"1814\">. Mein Anspruch ist es, komplexe Themen verst\u00e4ndlich zu machen und einen <\/span><b class=\"ng-star-inserted\" data-start-index=\"1887\">echten Mehrwert<\/b><span class=\"ng-star-inserted\" data-start-index=\"1902\"> f\u00fcr Unternehmen und Besch\u00e4ftigte zu schaffen<\/span><span class=\"ng-star-inserted\" data-start-index=\"1947\">.<\/span><\/div><div data-start-index=\"1532\">\u00a0<\/div><h3 class=\"paragraph is-rich-chat-ui heading3 ng-star-inserted\" role=\"heading\" data-start-index=\"1948\" aria-level=\"3\">\u00dcber mich: Expertise aus Psychologie und Arbeitsschutz<\/h3><div class=\"paragraph is-rich-chat-ui normal ng-star-inserted\" data-start-index=\"2002\"><span class=\"ng-star-inserted\" data-start-index=\"2002\">Als <\/span><b class=\"ng-star-inserted\" data-start-index=\"2006\">Diplom-Psychologin<\/b><span class=\"ng-star-inserted\" data-start-index=\"2024\">, <\/span><b class=\"ng-star-inserted\" data-start-index=\"2026\">Fachkraft f\u00fcr Arbeitssicherheit<\/b><span class=\"ng-star-inserted\" data-start-index=\"2057\"> und F\u00fchrungskraft bei einer gesetzlichen Unfallversicherung verbinde ich langj\u00e4hrige Beratungserfahrung mit fundiertem Fachwissen<\/span><span class=\"ng-star-inserted\" data-start-index=\"2187\">.<\/span><\/div><ul class=\"ng-star-inserted\"><li class=\"paragraph list-item is-rich-chat-ui normal ng-star-inserted\" data-start-index=\"2188\"><b class=\"ng-star-inserted\" data-start-index=\"2188\">Wissenschaft &amp; Praxis:<\/b><span class=\"ng-star-inserted\" data-start-index=\"2210\"> Leitung eines Kooperationsprojekts mit der <\/span><b class=\"ng-star-inserted\" data-start-index=\"2254\">RWTH Aachen<\/b><span class=\"ng-star-inserted\" data-start-index=\"2265\"> zur Entwicklung innovativer Analyse-Tools<\/span><span class=\"ng-star-inserted\" data-start-index=\"2307\">.<\/span><\/li><li class=\"paragraph list-item is-rich-chat-ui normal ng-star-inserted\" data-start-index=\"2308\"><b class=\"ng-star-inserted\" data-start-index=\"2308\">Autorin:<\/b><span class=\"ng-star-inserted\" data-start-index=\"2316\"> Verfasserin des Fachbuchs \u201eGesund im Job\u201c (Hogrefe Verlag)<\/span><span class=\"ng-star-inserted\" data-start-index=\"2375\">.<\/span><\/li><li class=\"paragraph list-item is-rich-chat-ui normal ng-star-inserted\" data-start-index=\"2376\"><b class=\"ng-star-inserted\" data-start-index=\"2376\">Qualifikation:<\/b><span class=\"ng-star-inserted\" data-start-index=\"2390\"> Weiterbildung in systemischem Coaching, Supervision und Organisationsentwicklung<\/span><span class=\"ng-star-inserted\" data-start-index=\"2471\">.<\/span><\/li><\/ul>\t\t\t\t\t\t\t\t<\/div>\n\t\t\t\t<\/div>\n\t\t<div class=\"elementor-element elementor-element-c3c3568 e-con-full e-flex e-con e-child\" data-id=\"c3c3568\" data-element_type=\"container\" data-e-type=\"container\">\n\t\t\t\t<div class=\"elementor-element elementor-element-c87832e elementor-alert-warning elementor-widget elementor-widget-alert\" data-id=\"c87832e\" data-element_type=\"widget\" data-e-type=\"widget\" data-widget_type=\"alert.default\">\n\t\t\t\t\t\t\t<div class=\"elementor-alert\" role=\"alert\">\n\n\t\t\t\t\t\t<span class=\"elementor-alert-title\">Hinweis f\u00fcr Interessenten<\/span>\n\t\t\t\n\t\t\t\t\t\t<span class=\"elementor-alert-description\">Ich berate Unternehmen aus meinem Standort in M\u00fcnchen. Bitte beachten Sie, dass ich aus rechtlichen Gr\u00fcnden keine Betriebe aus dem \u00f6ffentlichen Dienst betreue.<\/span>\n\t\t\t\n\t\t\t\n\t\t<\/div>\n\t\t\t\t\t\t<\/div>\n\t\t\t\t<\/div>\n\t\t\t\t<\/div>\n\t\t\t\t\t<\/div>\n\t\t\t\t<\/div>\n\t\t\t\t<\/div>\n\t\t","protected":false},"excerpt":{"rendered":"<p>Gesund im Job Moderation &amp; Coaching f\u00fcr sichere und starke Arbeitsbedingungen Gesunde Arbeitsbedingungen schaffen Sichere und gesundheitsf\u00f6rderliche Arbeitsbedingungen sind die Grundlage f\u00fcr leistungsf\u00e4hige, motivierte Teams. Die Gef\u00e4hrdungsbeurteilung \u2013 inklusive der psychischen Belastung \u2013 ist dabei der zentrale Baustein. Viele Unternehmen w\u00fcnschen sich Unterst\u00fctzung, weil das Thema komplex ist und eine professionelle Moderation ben\u00f6tigt. Mein Angebot [&hellip;]<\/p>\n","protected":false},"author":1,"featured_media":0,"parent":0,"menu_order":0,"comment_status":"closed","ping_status":"closed","template":"elementor_header_footer","meta":{"footnotes":""},"class_list":["post-228","page","type-page","status-publish","hentry"],"_links":{"self":[{"href":"https:\/\/claudia.indielab.de\/index.php\/wp-json\/wp\/v2\/pages\/228","targetHints":{"allow":["GET"]}}],"collection":[{"href":"https:\/\/claudia.indielab.de\/index.php\/wp-json\/wp\/v2\/pages"}],"about":[{"href":"https:\/\/claudia.indielab.de\/index.php\/wp-json\/wp\/v2\/types\/page"}],"author":[{"embeddable":true,"href":"https:\/\/claudia.indielab.de\/index.php\/wp-json\/wp\/v2\/users\/1"}],"replies":[{"embeddable":true,"href":"https:\/\/claudia.indielab.de\/index.php\/wp-json\/wp\/v2\/comments?post=228"}],"version-history":[{"count":28,"href":"https:\/\/claudia.indielab.de\/index.php\/wp-json\/wp\/v2\/pages\/228\/revisions"}],"predecessor-version":[{"id":272,"href":"https:\/\/claudia.indielab.de\/index.php\/wp-json\/wp\/v2\/pages\/228\/revisions\/272"}],"wp:attachment":[{"href":"https:\/\/claudia.indielab.de\/index.php\/wp-json\/wp\/v2\/media?parent=228"}],"curies":[{"name":"wp","href":"https:\/\/api.w.org\/{rel}","templated":true}]}}