{"id":198,"date":"2026-02-24T20:27:55","date_gmt":"2026-02-24T19:27:55","guid":{"rendered":"https:\/\/claudia.indielab.de\/?page_id=198"},"modified":"2026-02-24T20:32:32","modified_gmt":"2026-02-24T19:32:32","slug":"mein-angebot","status":"publish","type":"page","link":"https:\/\/claudia.indielab.de\/index.php\/mein-angebot\/","title":{"rendered":"Mein Angebot"},"content":{"rendered":"\t\t<div data-elementor-type=\"wp-page\" data-elementor-id=\"198\" class=\"elementor elementor-198\" data-elementor-post-type=\"page\">\n\t\t\t\t<header class=\"elementor-element elementor-element-32522a06 e-con-full e-flex e-con e-parent\" data-id=\"32522a06\" data-element_type=\"container\" data-e-type=\"container\" data-settings=\"{&quot;background_background&quot;:&quot;classic&quot;}\">\n\t\t<div class=\"elementor-element elementor-element-34e8b60 e-flex e-con-boxed e-con e-child\" data-id=\"34e8b60\" data-element_type=\"container\" data-e-type=\"container\">\n\t\t\t\t\t<div class=\"e-con-inner\">\n\t\t\t\t<div class=\"elementor-element elementor-element-c7dbf02 elementor-widget elementor-widget-heading\" data-id=\"c7dbf02\" data-element_type=\"widget\" data-e-type=\"widget\" data-widget_type=\"heading.default\">\n\t\t\t\t\t<h1 class=\"elementor-heading-title elementor-size-default\">Moderation von Workshops zur Gef\u00e4hrdungsbeurteilung psychischer Belastung<\/h1>\t\t\t\t<\/div>\n\t\t\t\t<div class=\"elementor-element elementor-element-c1f188d elementor-widget elementor-widget-text-editor\" data-id=\"c1f188d\" data-element_type=\"widget\" data-e-type=\"widget\" data-widget_type=\"text-editor.default\">\n\t\t\t\t\t\t\t\t\t<p>Ich <strong>berate und begleite<\/strong> Unternehmen bei der Gef\u00e4hrdungsbeurteilung psychischer Belastung nach \u00a7 5 Arbeitsschutzgesetz. Ein Schwerpunkt meiner Arbeit ist die <strong>professionelle Moderation von Workshops<\/strong>, in denen die Arbeitssituation gemeinsam mit den Besch\u00e4ftigten analysiert wird.<br \/>In den Workshops zur Gef\u00e4hrdungsbeurteilung erarbeiten wir <strong>praxisnahe Ma\u00dfnahmen zur Verbesserung der Arbeitsbedingungen<\/strong>. Durch die strukturierte Moderation entsteht ein offener Austausch, der die Beteiligung der Mitarbeitenden st\u00e4rkt und nachhaltige L\u00f6sungen erm\u00f6glicht.<br \/><strong>Der Prozess lohnt sich:<\/strong><br \/>Sie gewinnen wertvolle Erkenntnisse \u00fcber St\u00e4rken und Entwicklungsfelder in Ihrem Unternehmen, f\u00f6rdern gesunde Arbeitsbedingungen und entwickeln Ihre Organisation gezielt weiter.<\/p>\t\t\t\t\t\t\t\t<\/div>\n\t\t\t\t\t<\/div>\n\t\t\t\t<\/div>\n\t\t\t\t<\/header>\n\t\t\t\t<\/div>\n\t\t","protected":false},"excerpt":{"rendered":"<p>Moderation von Workshops zur Gef\u00e4hrdungsbeurteilung psychischer Belastung Ich berate und begleite Unternehmen bei der Gef\u00e4hrdungsbeurteilung psychischer Belastung nach \u00a7 5 Arbeitsschutzgesetz. Ein Schwerpunkt meiner Arbeit ist die professionelle Moderation von Workshops, in denen die Arbeitssituation gemeinsam mit den Besch\u00e4ftigten analysiert wird.In den Workshops zur Gef\u00e4hrdungsbeurteilung erarbeiten wir praxisnahe Ma\u00dfnahmen zur Verbesserung der Arbeitsbedingungen. Durch die [&hellip;]<\/p>\n","protected":false},"author":1,"featured_media":0,"parent":0,"menu_order":2,"comment_status":"closed","ping_status":"closed","template":"","meta":{"footnotes":""},"class_list":["post-198","page","type-page","status-publish","hentry"],"_links":{"self":[{"href":"https:\/\/claudia.indielab.de\/index.php\/wp-json\/wp\/v2\/pages\/198","targetHints":{"allow":["GET"]}}],"collection":[{"href":"https:\/\/claudia.indielab.de\/index.php\/wp-json\/wp\/v2\/pages"}],"about":[{"href":"https:\/\/claudia.indielab.de\/index.php\/wp-json\/wp\/v2\/types\/page"}],"author":[{"embeddable":true,"href":"https:\/\/claudia.indielab.de\/index.php\/wp-json\/wp\/v2\/users\/1"}],"replies":[{"embeddable":true,"href":"https:\/\/claudia.indielab.de\/index.php\/wp-json\/wp\/v2\/comments?post=198"}],"version-history":[{"count":7,"href":"https:\/\/claudia.indielab.de\/index.php\/wp-json\/wp\/v2\/pages\/198\/revisions"}],"predecessor-version":[{"id":210,"href":"https:\/\/claudia.indielab.de\/index.php\/wp-json\/wp\/v2\/pages\/198\/revisions\/210"}],"wp:attachment":[{"href":"https:\/\/claudia.indielab.de\/index.php\/wp-json\/wp\/v2\/media?parent=198"}],"curies":[{"name":"wp","href":"https:\/\/api.w.org\/{rel}","templated":true}]}}